{"id":22,"date":"2020-01-14T15:10:47","date_gmt":"2020-01-14T14:10:47","guid":{"rendered":"http:\/\/idas.noblogs.org\/?page_id=22"},"modified":"2020-01-22T19:38:47","modified_gmt":"2020-01-22T18:38:47","slug":"kontakt","status":"publish","type":"page","link":"https:\/\/idas.noblogs.org\/?page_id=22","title":{"rendered":"Kontakt"},"content":{"rendered":"<p><i>idas<\/i> unterh\u00e4lt <strong>keine Profile<\/strong> ist sozialen Netzwerken.<\/p>\n<p>Das <i>idas<\/i>-Projekt ist noch im Aufbau. Sie erreichen die Redaktion daher derzeit <strong>nur per E-Mail<\/strong>: informationsdienst (at) riseup (Punkt) net<\/p>\n<p>Nachfolgend finden Sie unseren <strong>aktuellen PGP-Key<\/strong>. E-Mails, die uns verschl\u00fcsselt erreichen, beantworten wir auch nur verschl\u00fcsselt. Vergessen Sie daher nicht, Ihren \u00f6ffentlichen Schl\u00fcssel mitzusenden.<\/p>\n<p><small><code>-----BEGIN PGP PUBLIC KEY BLOCK-----<\/p>\n<p>mQINBF4jeQoBEADD5Vz0kTgD1xK11bFrsHw86fcHIrGjGoV5KCjRQrad8YD2C14A<br \/>\n30DI3e\/ayVVnqMqcb8wbSVg4OrPT4+LG2dFLi7Y2HpLmCGqA9l5PEGgYdSh525T5<br \/>\nvX0Y93GqqkMYiqJ5zvLVMricoYhLObupHZ5dYwzijtgSO0ACI3HidM4njH5D2\/fM<br \/>\nEt1nPi2gCqMM6fPNP5Pm4hzErgXeXayFf4gHeHadZwnJwGXdAwEH+VUDWV\/U9ecd<br \/>\n21Sl0+KKzmlC34DnYlfC86YQnPapc2FZPSbUZqWj3hOqQwNj9xMoAwN1RU+Gu6iO<br \/>\nH89A\/C2E5gwRiW66KtlgAp4RinVWwEVy3ZF7QHjX6XnzlUBhlvbj8jOfC1SZpUnR<br \/>\nAPrbzyc1v\/e9pKF4psLyH1iRPs4UdQMCBPSLzIXP4yrJTs0bHH6Dgc8LaOFkTD8H<br \/>\nI2CWVhHZKukR09hDMSeLUegHY\/\/tpiWqbV9Glq1QCWUJYKdmmie1oDsKMCsFFGa3<br \/>\nCQbhrvTZdMQdvs+lNH+BweU8sdwTaF4CjcnZni1pMrEzB6bb5fMepD+y4v4Kv9t8<br \/>\nGUEY6nXW4NKCjQ\/Ki6tiPyu473ve+s0N4Tbc9B4zIliZSqb+DC3M3H7C8yQH3UHE<br \/>\nlxbQ3jlFWAQpyEtUJBZx2mJJzObHy\/QRFzhe66OcH2dGlVA800t8UU\/0oQARAQAB<br \/>\ntCRpZGFzIDxpbmZvcm1hdGlvbnNkaWVuc3RAcmlzZXVwLm5ldD6JAlQEEwEIAD4W<br \/>\nIQTFy5tn+qEbKWX2lCmBeBqX51h+8AUCXiN5CgIbAwUJB4YfgAULCQgHAgYVCgkI<br \/>\nCwIEFgIDAQIeAQIXgAAKCRCBeBqX51h+8DU8D\/9H+Qh\/R7InV8AKrmuSQfwZ+OBS<br \/>\nSxdiymKuPuj+NFRXlhsHnbSS39IXwAK0C4jz54n4vv+iBIOMGRrdA1HyVQAX3S5Z<br \/>\nU4LYv\/EdnaL4YwljSuw52mAfA5u9OspE8W4a7KvUUJs0pTn6FmtM3BHcTWYbn8uZ<br \/>\n8TD2ewkqG4w0+pgV\/LkK0sKhQ8J13D1NPUrEfcryxldtrgQ1\/W6aqwHiDu3o3uta<br \/>\n1Wu7Bq6Rd7CZaQFO0+lpExraI1sMhAs9yXPMmDPfCObA1LJs4JGP9pxe0amoja5r<br \/>\ngqcMxVBljDzowL0SY6LlsDkM1V\/yW8\/PaExxNCCng2aq6lxq\/A56A4xLR9tve5hJ<br \/>\nJYfAopRvB8lB4bQ0BAG09V35gPPJvU4g\/5aWW3kYW8tTNH91tJJ24\/PtRbvHzGXL<br \/>\nSbfvssmXXdVDw1LEzTC+DcPbo\/BjzjSf+XKlC\/t6hMvtOZjyZeqASmYP1oje7Ky9<br \/>\njmWzx2D4mAWHJtWOTY\/QG\/3uK3x7WgEgkvayFET23NfIycak3MHfsdIXn30E3W3K<br \/>\nqiIkbgR\/JBGUZEMZTMjtagLvVFKWxEv+LnvSe57L\/X5cLsZU8ytrqh9YdspudVrm<br \/>\n\/C\/EpWD4qlbaiHV27H4X62gb4KPNrYXViKJj6zCNm1sX0jTWlcpMjkALAdEJnGKd<br \/>\nSBrP3aWCmJPEY6RKsLkCDQReI3kKARAAsjCXTjKpJn3lYeGxLnr9CaJy\/\/YL\/dTZ<br \/>\nDEizB59AqaSXVebiNLgO9HnoG8dBAUc1P5WerPiqMF279e\/ONMIEZNp5lTL5KpcX<br \/>\nKqye1hg6umG0sHGg\/i4Gjm49E\/DB2LNOjFiukUSJRBjrQAJVvGr09ztEpWSA129E<br \/>\nVUrBFQgvZKT6OfhvkwaUkv4RCI06ZW9CNRanA0N3WzauRBGWBP3hkFCan+pWn7Dr<br \/>\noqUtVnaIXVRVOQ7xyQb7xL9eLWrwvE7Ka4y38aqkEf+0fSo1MT42Qjk\/wdOunjxx<br \/>\nrtUf3OElbtJM+PSxXHD+6FQHu0ySfCQQvuwBJLZt5q0Q\/pfwpG0TTUXTmgLbQ++O<br \/>\nTtJ0wGl3o5VlgBin7\/T3\/SQr\/IlpjQX\/hUE02HMVSDC5zVgFWRLVHdTM1c1OaGxD<br \/>\nVpoPGe9MYoJjIHQQzkV0eANk6BQbGYzDIp0FWI39a6OBRL36LePniU8ldE1s21Be<br \/>\nNTsrBR3C9saQBzCEUzrQvvX+fMUiexg3vTt4m6TjTAiV4PTPUpIytkbGf7V8k2u\/<br \/>\n51LZPDc0Eup3oHEFscPE4GPMdGmGElx7rq1XvfT32her\/vCtZry3cFhIzRdF0VzE<br \/>\nzgqpW87dFc4olKSGwUAM936bhwi8CCx+2xhxicKHbTFwpbT7kBKMbUm7eMRMIM3u<br \/>\nXwVmd192s\/UAEQEAAYkCPAQYAQgAJhYhBMXLm2f6oRspZfaUKYF4GpfnWH7wBQJe<br \/>\nI3kKAhsMBQkHhh+AAAoJEIF4GpfnWH7wvfkQAKjdzKrML5hJpOAYRrSDBWdQj3\/Z<br \/>\nic4b1nbBSWG4a0XNm9vnvuEA9eJV\/zQOqtx3clsPsw1sKpfKNzLRYeYS0kriYKmd<br \/>\nM56QkvrzZmRsLZEn\/qwD+b251A4mDjNfrgHk0qDJjJH9oe5ynpTrGSxyp4nF\/915<br \/>\n1EghAgbgLaxpTPkW+KrDf3OU++zuhTgysFsp60Afy85\/uDfcORwaId3xJnAD94ZJ<br \/>\nceEpCOo95l+C9FV\/wtDBEGoRolz1Jm4jy16Anmj1twd2bG8YFj+6jXQVTzpIYty4<br \/>\nzfoyjm+Doz3LkI4M4jtaVp0AchKuubRELcAu1zXIp0qu626yvLe9t+\/gfjsxf37f<br \/>\neZOYNplOZljub+1WuRAeIatSmaLWNK7LK2Bx5GeXLuTx67hA60xWhboNuJBQUl+y<br \/>\nrDmkP5MPtQlytFUH29hMnpv3Q5ZP9TOqxAeL4JathHmXzOQLDqPrfJyJPY49WBAU<br \/>\n+NHdiZF5kY1f6bZwRLx0G9KGglS\/IuxLGLFR7yW8sXtoJCrUjEQUx7NHY6RtpaoJ<br \/>\nhIL1h96p3WbqMGqF5rTbUar1HssVvOJ5cFt1MtK5TThKAdeVTnBTwSziu2zP3BTH<br \/>\nI33oyu0NUAqv\/\/I8HDuVv9Oi+plP5PKB4lguiqp7PdkBf6iRQXmt6iw+nl7KUrSL<br \/>\n3eTX6fFkVfj0i3WX<br \/>\n=Y9CP<br \/>\n-----END PGP PUBLIC KEY BLOCK-----<\/code><\/small><\/p>\n","protected":false},"excerpt":{"rendered":"<p>idas unterh\u00e4lt keine Profile ist sozialen Netzwerken. Das idas-Projekt ist noch im Aufbau. Sie erreichen die Redaktion daher derzeit nur per E-Mail: informationsdienst (at) riseup (Punkt) net Nachfolgend finden Sie unseren aktuellen PGP-Key. E-Mails, die uns verschl\u00fcsselt erreichen, beantworten wir auch nur verschl\u00fcsselt. Vergessen Sie daher nicht, Ihren \u00f6ffentlichen Schl\u00fcssel mitzusenden. &#8212;&#8211;BEGIN PGP PUBLIC KEY &hellip; <a href=\"https:\/\/idas.noblogs.org\/?page_id=22\" class=\"more-link\"><span class=\"screen-reader-text\">Kontakt<\/span> weiterlesen<\/a><\/p>\n","protected":false},"author":14643,"featured_media":0,"parent":0,"menu_order":0,"comment_status":"closed","ping_status":"closed","template":"","meta":{"footnotes":""},"class_list":["post-22","page","type-page","status-publish","hentry"],"_links":{"self":[{"href":"https:\/\/idas.noblogs.org\/index.php?rest_route=\/wp\/v2\/pages\/22","targetHints":{"allow":["GET"]}}],"collection":[{"href":"https:\/\/idas.noblogs.org\/index.php?rest_route=\/wp\/v2\/pages"}],"about":[{"href":"https:\/\/idas.noblogs.org\/index.php?rest_route=\/wp\/v2\/types\/page"}],"author":[{"embeddable":true,"href":"https:\/\/idas.noblogs.org\/index.php?rest_route=\/wp\/v2\/users\/14643"}],"replies":[{"embeddable":true,"href":"https:\/\/idas.noblogs.org\/index.php?rest_route=%2Fwp%2Fv2%2Fcomments&post=22"}],"version-history":[{"count":13,"href":"https:\/\/idas.noblogs.org\/index.php?rest_route=\/wp\/v2\/pages\/22\/revisions"}],"predecessor-version":[{"id":229,"href":"https:\/\/idas.noblogs.org\/index.php?rest_route=\/wp\/v2\/pages\/22\/revisions\/229"}],"wp:attachment":[{"href":"https:\/\/idas.noblogs.org\/index.php?rest_route=%2Fwp%2Fv2%2Fmedia&parent=22"}],"curies":[{"name":"wp","href":"https:\/\/api.w.org\/{rel}","templated":true}]}}